{"id":154,"date":"2021-04-22T15:46:19","date_gmt":"2021-04-22T15:46:19","guid":{"rendered":"https:\/\/tampinkoski.fi\/?page_id=154"},"modified":"2026-03-31T14:19:58","modified_gmt":"2026-03-31T11:19:58","slug":"ajankohtaista","status":"publish","type":"page","link":"https:\/\/tampinkoski.fi\/index.php\/ajankohtaista\/","title":{"rendered":"Ajankohtaista"},"content":{"rendered":"\n<hr class=\"wp-block-separator has-alpha-channel-opacity\"\/>\n\n\n\n<p class=\"has-text-align-center\"><\/p>\n\n\n\n<hr class=\"wp-block-separator has-alpha-channel-opacity\"\/>\n\n\n\n<h3 class=\"wp-block-heading has-text-align-center\"><mark style=\"background-color:rgba(0, 0, 0, 0)\" class=\"has-inline-color has-black-color\">P\u00e4iv\u00e4n SM-liigan ottelulipulla -10% alennus<\/mark><\/h3>\n\n\n\n<p class=\"has-text-align-center\"><mark style=\"background-color:rgba(0, 0, 0, 0)\" class=\"has-inline-color has-black-color\">Tampinkoski tarjoaa -10% alennuksen ruoista sek\u00e4 juomista, kun n\u00e4yt\u00e4t maksun yhteydess\u00e4 saman p\u00e4iv\u00e4n SM-liigan ottelulippua!<\/mark><\/p>\n\n\n\n<p class=\"has-text-align-center\"><mark style=\"background-color:rgba(0, 0, 0, 0)\" class=\"has-inline-color has-black-color\">Tervetuloa sy\u00f6m\u00e4\u00e4n hyvin ja virkist\u00e4ville juomille ottelup\u00e4ivin\u00e4.<\/mark><\/p>\n\n\n\n<hr class=\"wp-block-separator has-alpha-channel-opacity\"\/>\n\n\n\n<hr class=\"wp-block-separator has-alpha-channel-opacity\"\/>\n\n\n\n<h3 class=\"wp-block-heading has-text-align-center\"><mark style=\"background-color:rgba(0, 0, 0, 0)\" class=\"has-inline-color has-black-color\">Tampparin HAPPY HOUR<\/mark><\/h3>\n\n\n\n<p class=\"has-text-align-center\"><mark style=\"background-color:rgba(0, 0, 0, 0)\" class=\"has-inline-color has-black-color\">Karhu III, Crowmoor ja Long drink huikeaan tarjoushintaan 6\u20ac <\/mark><\/p>\n\n\n\n<p class=\"has-text-align-center\"><mark style=\"background-color:rgba(0, 0, 0, 0)\" class=\"has-inline-color has-black-color\">HAPPY HOUR ti &#8211; to klo 15 &#8211; 17<\/mark><\/p>\n\n\n\n<hr class=\"wp-block-separator has-alpha-channel-opacity\"\/>\n\n\n\n<hr class=\"wp-block-separator has-alpha-channel-opacity\"\/>\n\n\n\n<h3 class=\"wp-block-heading has-text-align-center\" id=\"lahjakortti\"><\/h3>\n\n\n\n<p class=\"has-text-align-center\"><\/p>\n\n\n\n<p class=\"has-text-align-center\"><\/p>\n\n\n\n<hr class=\"wp-block-separator has-alpha-channel-opacity\"\/>\n\n\n\n<hr class=\"wp-block-separator has-alpha-channel-opacity\"\/>\n\n\n\n<hr class=\"wp-block-separator has-alpha-channel-opacity\"\/>\n\n\n\n<h3 class=\"wp-block-heading has-text-align-center\"><\/h3>\n\n\n\n<p class=\"has-text-align-center\"><\/p>\n\n\n\n<p class=\"has-text-align-center\"><\/p>\n\n\n\n<hr class=\"wp-block-separator has-alpha-channel-opacity\"\/>\n\n\n\n<hr class=\"wp-block-separator has-alpha-channel-opacity\"\/>\n\n\n\n<h3 class=\"wp-block-heading has-text-align-center\"><mark style=\"background-color:rgba(0, 0, 0, 0)\" class=\"has-inline-color has-black-color\">Tamperrada Pintxo &#8211; ravintolafestivaali 2023<\/mark><\/h3>\n\n\n\n<p class=\"has-text-align-center\"><mark style=\"background-color:rgba(0, 0, 0, 0)\" class=\"has-inline-color has-black-color\">Tamperrada Pintxokilpailu on Suomen suurin ravintolafestivaali, joka j\u00e4rjestettiin elo-syyskuussa 2023 jo 11. kerran.<\/mark><\/p>\n\n\n\n<h5 class=\"wp-block-heading has-text-align-center\"><strong><em><mark style=\"background-color:rgba(0, 0, 0, 0)\" class=\"has-inline-color has-black-color\">Kolmas osallistumisvuotemme ja kolmannen kerran voitimme yleis\u00f6n suosikki- \u00e4\u00e4nestyks<\/mark><\/em><mark style=\"background-color:rgba(0, 0, 0, 0)\" class=\"has-inline-color has-black-color\"><em>e<\/em><\/mark><\/strong><em><mark style=\"background-color:rgba(0, 0, 0, 0)\" class=\"has-inline-color has-black-color\">n!<\/mark><\/em><\/h5>\n\n\n\n<hr class=\"wp-block-separator has-alpha-channel-opacity\"\/>\n\n\n\n<h5 class=\"wp-block-heading has-text-align-center\"><mark style=\"background-color:rgba(0, 0, 0, 0)\" class=\"has-inline-color has-black-color\">&#8221;Tampinkoski kolmannen kerran yleis\u00f6n suosikki&#8221;<\/mark><\/h5>\n\n\n\n<p class=\"has-text-align-center\"><mark style=\"background-color:rgba(0, 0, 0, 0)\" class=\"has-inline-color has-black-color\">&#8221;K\u00e4vimme luovuttamassa yleis\u00f6n suosikki -kunniakirjan Tampinkoskille jo kolmannen kerran. Tampinkoski teki my\u00f6s historiansa kovimman myyntienn\u00e4tyksen ja aiheutti pitk\u00e4n jonon ulkopuolelle. Hienoa ett\u00e4 tapahtumalla on merkityst\u00e4, n\u00e4ki ett\u00e4 ravintola panosti tapahtumaan, mik\u00e4 n\u00e4kyy heti my\u00f6s yleis\u00f6virroissa.&#8221;<\/mark><\/p>\n\n\n\n<hr class=\"wp-block-separator has-alpha-channel-opacity\"\/>\n\n\n\n<h3 class=\"wp-block-heading has-text-align-center\"><mark style=\"background-color:rgba(0, 0, 0, 0)\" class=\"has-inline-color has-black-color\">Tamperrada Pintxo- ravintolafestivaali<\/mark> 2022<\/h3>\n\n\n\n<p class=\"has-text-align-center\"><mark style=\"background-color:rgba(0, 0, 0, 0)\" class=\"has-inline-color has-black-color\">Tamperrada Pintxokilpailu on Suomen suurin ravintolafestivaali, joka j\u00e4rjestettiin elo-syyskuussa 2022 jo 10. kerran.<\/mark><\/p>\n\n\n\n<h5 class=\"wp-block-heading has-text-align-center\"><strong><em><mark style=\"background-color:rgba(0, 0, 0, 0)\" class=\"has-inline-color has-black-color\">T\u00e4ll\u00e4 kertaa saimme Tamppariin TUPLAVOITON, sill\u00e4 veimme yleis\u00f6n suosikki- \u00e4\u00e4nestyksen sek\u00e4 tuomareiden valitsemana paras tunnelma- palkinnon!<\/mark><\/em><\/strong><\/h5>\n\n\n\n<p class=\"has-text-align-center\"><\/p>\n\n\n\n<h5 class=\"wp-block-heading has-text-align-center\">&#8221;<mark style=\"background-color:rgba(0, 0, 0, 0)\" class=\"has-inline-color has-black-color\"><strong>Yleis\u00f6n suosikiksi nousi j\u00e4lleen Tampinkoski, joka pokkasi my\u00f6s Paras tunnelma -palkinnon<\/strong><\/mark>&#8221;<\/h5>\n\n\n\n<p class=\"has-text-align-center\"><mark style=\"background-color:rgba(0, 0, 0, 0)\" class=\"has-inline-color has-black-color\">&#8221;Viime vuonna yleis\u00f6n suosikiksi kirinnyt&nbsp;<em>Tampinkoski Kitchen &amp; Bar<\/em>&nbsp;onnistui t\u00e4n\u00e4kin vuonna hurmaamaan yleis\u00f6n makuaistit. Kilpailuannoksena tarjoiltiin urjalalaisen Paijan tilateurastamon ylikyps\u00e4\u00e4 possua, talon omaa barbequekastiketta, pico de galloa ja limemajoneesia rapean tortillan p\u00e4\u00e4ll\u00e4. Ravintolassa oli hyv\u00e4 tunnelma, tuotteet olivat kauniisti esill\u00e4 heti sis\u00e4\u00e4nastuttaessa ja baskilainen soittolista kuului taustalla. Baskilaistuomari Juan Antonio Bilbao valitsi Tampinkosken&nbsp;<em>Heineken\u00ae Paras Tunnelma<\/em>&nbsp;-erikoispalkinnon saajaksi.&#8221;<\/mark><\/p>\n\n\n\n<hr class=\"wp-block-separator has-css-opacity\"\/>\n\n\n\n<h3 class=\"wp-block-heading has-text-align-center\" id=\"tamperrada-pintxo-ravintolafestivaali\"><mark style=\"background-color:rgba(0, 0, 0, 0)\" class=\"has-inline-color has-black-color\">Tamperrada Pintxo- ravintolafestivaali<\/mark> <mark style=\"background-color:rgba(0, 0, 0, 0)\" class=\"has-inline-color has-black-color\">2021<\/mark><\/h3>\n\n\n\n<p class=\"has-text-align-center\"><mark style=\"background-color:rgba(0, 0, 0, 0)\" class=\"has-inline-color has-black-color\">Tamperrada Pintxokilpailu on Suomen suurin ravintolafestivaali, joka j\u00e4rjestettiin elo-syyskuussa 2021 jo 9. kerran.<\/mark><\/p>\n\n\n\n<h5 class=\"wp-block-heading has-text-align-center\" id=\"kisapintxomme-peuracarpaccio-voitti-yleison-suosikki-aanestyksen\"><mark style=\"background-color:rgba(0, 0, 0, 0)\" class=\"has-inline-color has-black-color\"><em>Kisapintxomme Peuracarpaccio VOITTI yleis\u00f6n suosikki- \u00e4\u00e4nestyksen!<\/em><\/mark><\/h5>\n\n\n\n<h5 class=\"wp-block-heading has-text-align-center\" id=\"yleison-suosikiksi-nousi-ensikertalainen-tampinkoski\"><mark style=\"background-color:rgba(0, 0, 0, 0)\" class=\"has-inline-color has-black-color\">&#8221;<strong>Yleis\u00f6n suosikiksi nousi ensikertalainen Tampinkoski<\/strong>&#8221;<\/mark><\/h5>\n\n\n\n<p class=\"has-text-align-center\">&#8221;<mark style=\"background-color:rgba(0, 0, 0, 0)\" class=\"has-inline-color has-black-color\">Juuri pintxoviikon alussa avattu&nbsp;<em>Tampinkoski Kitchen &amp; Bar<\/em>&nbsp;onnistui hurmaamaan yleis\u00f6n makuaistit. Kilpailuannoksena tarjoiltiin urjalalaisen Paijan tilateurastamon peurasta valmistettua carpacciota&nbsp;ranskalaisella patongilla, tapenadella&nbsp;ja jyv\u00e4sinapilla&nbsp;maustettuna. Annoksessa oli lis\u00e4ksi parmesania, rucolaa ja majoneesikastiketta.&#8221;<\/mark><\/p>\n\n\n\n<p class=\"has-text-align-center\"><mark style=\"background-color:rgba(0, 0, 0, 0)\" class=\"has-inline-color has-black-color\">Kiitos kaikille Pintxo- viikolla k\u00e4yneille ja meit\u00e4 \u00e4\u00e4nest\u00e4neille!<\/mark><\/p>\n\n\n\n<hr class=\"wp-block-separator has-css-opacity\"\/>\n\n\n\n<hr class=\"wp-block-separator has-alpha-channel-opacity\"\/>\n\n\n\n<hr class=\"wp-block-separator has-css-opacity\"\/>\n\n\n\n<h3 class=\"wp-block-heading has-text-align-center\" id=\"Ajankohtaista\"><mark style=\"background-color:rgba(0, 0, 0, 0)\" class=\"has-inline-color has-black-color\">Seuraa meit\u00e4 sosiaalisessa mediassa<\/mark><\/h3>\n\n\n\n<ul class=\"wp-block-social-links aligncenter is-layout-flex wp-block-social-links-is-layout-flex\"><li class=\"wp-social-link wp-social-link-facebook  wp-block-social-link\"><a href=\"https:\/\/www.facebook.com\/tampinkoskikitchenbar\" class=\"wp-block-social-link-anchor\"><svg width=\"24\" height=\"24\" viewBox=\"0 0 24 24\" version=\"1.1\" xmlns=\"http:\/\/www.w3.org\/2000\/svg\" aria-hidden=\"true\" focusable=\"false\"><path d=\"M12 2C6.5 2 2 6.5 2 12c0 5 3.7 9.1 8.4 9.9v-7H7.9V12h2.5V9.8c0-2.5 1.5-3.9 3.8-3.9 1.1 0 2.2.2 2.2.2v2.5h-1.3c-1.2 0-1.6.8-1.6 1.6V12h2.8l-.4 2.9h-2.3v7C18.3 21.1 22 17 22 12c0-5.5-4.5-10-10-10z\"><\/path><\/svg><span class=\"wp-block-social-link-label screen-reader-text\">Facebook<\/span><\/a><\/li>\n\n<li class=\"wp-social-link wp-social-link-instagram  wp-block-social-link\"><a href=\"https:\/\/www.instagram.com\/tampinkoskikitchenbar\/\" class=\"wp-block-social-link-anchor\"><svg width=\"24\" height=\"24\" viewBox=\"0 0 24 24\" version=\"1.1\" xmlns=\"http:\/\/www.w3.org\/2000\/svg\" aria-hidden=\"true\" focusable=\"false\"><path d=\"M12,4.622c2.403,0,2.688,0.009,3.637,0.052c0.877,0.04,1.354,0.187,1.671,0.31c0.42,0.163,0.72,0.358,1.035,0.673 c0.315,0.315,0.51,0.615,0.673,1.035c0.123,0.317,0.27,0.794,0.31,1.671c0.043,0.949,0.052,1.234,0.052,3.637 s-0.009,2.688-0.052,3.637c-0.04,0.877-0.187,1.354-0.31,1.671c-0.163,0.42-0.358,0.72-0.673,1.035 c-0.315,0.315-0.615,0.51-1.035,0.673c-0.317,0.123-0.794,0.27-1.671,0.31c-0.949,0.043-1.233,0.052-3.637,0.052 s-2.688-0.009-3.637-0.052c-0.877-0.04-1.354-0.187-1.671-0.31c-0.42-0.163-0.72-0.358-1.035-0.673 c-0.315-0.315-0.51-0.615-0.673-1.035c-0.123-0.317-0.27-0.794-0.31-1.671C4.631,14.688,4.622,14.403,4.622,12 s0.009-2.688,0.052-3.637c0.04-0.877,0.187-1.354,0.31-1.671c0.163-0.42,0.358-0.72,0.673-1.035 c0.315-0.315,0.615-0.51,1.035-0.673c0.317-0.123,0.794-0.27,1.671-0.31C9.312,4.631,9.597,4.622,12,4.622 M12,3 C9.556,3,9.249,3.01,8.289,3.054C7.331,3.098,6.677,3.25,6.105,3.472C5.513,3.702,5.011,4.01,4.511,4.511 c-0.5,0.5-0.808,1.002-1.038,1.594C3.25,6.677,3.098,7.331,3.054,8.289C3.01,9.249,3,9.556,3,12c0,2.444,0.01,2.751,0.054,3.711 c0.044,0.958,0.196,1.612,0.418,2.185c0.23,0.592,0.538,1.094,1.038,1.594c0.5,0.5,1.002,0.808,1.594,1.038 c0.572,0.222,1.227,0.375,2.185,0.418C9.249,20.99,9.556,21,12,21s2.751-0.01,3.711-0.054c0.958-0.044,1.612-0.196,2.185-0.418 c0.592-0.23,1.094-0.538,1.594-1.038c0.5-0.5,0.808-1.002,1.038-1.594c0.222-0.572,0.375-1.227,0.418-2.185 C20.99,14.751,21,14.444,21,12s-0.01-2.751-0.054-3.711c-0.044-0.958-0.196-1.612-0.418-2.185c-0.23-0.592-0.538-1.094-1.038-1.594 c-0.5-0.5-1.002-0.808-1.594-1.038c-0.572-0.222-1.227-0.375-2.185-0.418C14.751,3.01,14.444,3,12,3L12,3z M12,7.378 c-2.552,0-4.622,2.069-4.622,4.622S9.448,16.622,12,16.622s4.622-2.069,4.622-4.622S14.552,7.378,12,7.378z M12,15 c-1.657,0-3-1.343-3-3s1.343-3,3-3s3,1.343,3,3S13.657,15,12,15z M16.804,6.116c-0.596,0-1.08,0.484-1.08,1.08 s0.484,1.08,1.08,1.08c0.596,0,1.08-0.484,1.08-1.08S17.401,6.116,16.804,6.116z\"><\/path><\/svg><span class=\"wp-block-social-link-label screen-reader-text\">Instagram<\/span><\/a><\/li><\/ul>\n\n\n\n<hr class=\"wp-block-separator has-css-opacity\"\/>\n\n\n\n<hr class=\"wp-block-separator has-css-opacity\"\/>\n\n\n\n<h3 class=\"wp-block-heading has-text-align-center\" id=\"varaa-poyta\"><mark style=\"background-color:rgba(0, 0, 0, 0)\" class=\"has-inline-color has-black-color\">Varaa p\u00f6yt\u00e4<\/mark><\/h3>\n\n\n\n<p class=\"has-text-align-center\"><mark style=\"background-color:rgba(0, 0, 0, 0)\" class=\"has-inline-color has-black-color\"><a href=\"https:\/\/tampinkoski.fi\/index.php\/varaa-poyta\/\">Klikkaa t\u00e4st\u00e4 ja varaa p\u00f6yt\u00e4 Quandoon kautta.<\/a><\/mark><\/p>\n","protected":false},"excerpt":{"rendered":"<p>P\u00e4iv\u00e4n SM-liigan ottelulipulla -10% alennus Tampinkoski tarjoaa -10% alennuksen ruoista sek\u00e4 juomista, kun n\u00e4yt\u00e4t maksun yhteydess\u00e4 saman p\u00e4iv\u00e4n SM-liigan ottelulippua! Tervetuloa sy\u00f6m\u00e4\u00e4n hyvin ja virkist\u00e4ville juomille ottelup\u00e4ivin\u00e4. Tampparin HAPPY HOUR Karhu III, Crowmoor ja Long drink huikeaan tarjoushintaan 6\u20ac HAPPY HOUR ti &#8211; to klo 15 &#8211; 17 Tamperrada Pintxo &#8211; ravintolafestivaali 2023 Tamperrada Pintxokilpailu <a href=\"https:\/\/tampinkoski.fi\/index.php\/ajankohtaista\/\" class=\"more-link\">[&hellip;]<\/a><\/p>\n","protected":false},"author":1,"featured_media":0,"parent":0,"menu_order":0,"comment_status":"closed","ping_status":"closed","template":"","meta":{"footnotes":""},"class_list":["post-154","page","type-page","status-publish","hentry"],"yoast_head":"<!-- This site is optimized with the Yoast SEO plugin v27.5 - https:\/\/yoast.com\/product\/yoast-seo-wordpress\/ -->\n<title>Ajankohtaista<\/title>\n<meta name=\"description\" content=\"Kitchen &amp; Bar Tampinkoski on ruoka- ja juomaravintola, jossa saa Tampereen parasta palvelua ja konstailematonta, maukasta ruokaa, sek\u00e4 erinomaisia oluita ja viinej\u00e4.\" \/>\n<meta name=\"robots\" content=\"index, follow, max-snippet:-1, max-image-preview:large, max-video-preview:-1\" \/>\n<link rel=\"canonical\" href=\"https:\/\/tampinkoski.fi\/index.php\/ajankohtaista\/\" \/>\n<meta property=\"og:locale\" content=\"fi_FI\" \/>\n<meta property=\"og:type\" content=\"article\" \/>\n<meta property=\"og:title\" content=\"Ajankohtaista\" \/>\n<meta property=\"og:description\" content=\"Kitchen &amp; Bar Tampinkoski on ruoka- ja juomaravintola, jossa saa Tampereen parasta palvelua ja konstailematonta, maukasta ruokaa, sek\u00e4 erinomaisia oluita ja viinej\u00e4.\" \/>\n<meta property=\"og:url\" content=\"https:\/\/tampinkoski.fi\/index.php\/ajankohtaista\/\" \/>\n<meta property=\"og:site_name\" content=\"Tampinkoski Kitchen &amp; Bar\" \/>\n<meta property=\"article:publisher\" content=\"https:\/\/www.facebook.com\/tampinkoskikitchenbar\" \/>\n<meta property=\"article:modified_time\" content=\"2026-03-31T11:19:58+00:00\" \/>\n<meta property=\"og:image\" content=\"https:\/\/tampinkoski.fi\/wp-content\/uploads\/2021\/04\/tampinkoski-logo-black-transparent.png\" \/>\n\t<meta property=\"og:image:width\" content=\"2000\" \/>\n\t<meta property=\"og:image:height\" content=\"1000\" \/>\n\t<meta property=\"og:image:type\" content=\"image\/png\" \/>\n<meta name=\"twitter:card\" content=\"summary_large_image\" \/>\n<meta name=\"twitter:label1\" content=\"Arvioitu lukuaika\" \/>\n\t<meta name=\"twitter:data1\" content=\"1 minuutti\" \/>\n<script type=\"application\/ld+json\" class=\"yoast-schema-graph\">{\"@context\":\"https:\\\/\\\/schema.org\",\"@graph\":[{\"@type\":\"WebPage\",\"@id\":\"https:\\\/\\\/tampinkoski.fi\\\/index.php\\\/ajankohtaista\\\/\",\"url\":\"https:\\\/\\\/tampinkoski.fi\\\/index.php\\\/ajankohtaista\\\/\",\"name\":\"Ajankohtaista\",\"isPartOf\":{\"@id\":\"https:\\\/\\\/tampinkoski.fi\\\/#website\"},\"datePublished\":\"2021-04-22T15:46:19+00:00\",\"dateModified\":\"2026-03-31T11:19:58+00:00\",\"description\":\"Kitchen & Bar Tampinkoski on ruoka- ja juomaravintola, jossa saa Tampereen parasta palvelua ja konstailematonta, maukasta ruokaa, sek\u00e4 erinomaisia oluita ja viinej\u00e4.\",\"breadcrumb\":{\"@id\":\"https:\\\/\\\/tampinkoski.fi\\\/index.php\\\/ajankohtaista\\\/#breadcrumb\"},\"inLanguage\":\"fi\",\"potentialAction\":[{\"@type\":\"ReadAction\",\"target\":[\"https:\\\/\\\/tampinkoski.fi\\\/index.php\\\/ajankohtaista\\\/\"]}]},{\"@type\":\"BreadcrumbList\",\"@id\":\"https:\\\/\\\/tampinkoski.fi\\\/index.php\\\/ajankohtaista\\\/#breadcrumb\",\"itemListElement\":[{\"@type\":\"ListItem\",\"position\":1,\"name\":\"Etusivu\",\"item\":\"https:\\\/\\\/tampinkoski.fi\\\/\"},{\"@type\":\"ListItem\",\"position\":2,\"name\":\"Ajankohtaista\"}]},{\"@type\":\"WebSite\",\"@id\":\"https:\\\/\\\/tampinkoski.fi\\\/#website\",\"url\":\"https:\\\/\\\/tampinkoski.fi\\\/\",\"name\":\"Tampinkoski Kitchen &amp; Bar\",\"description\":\"Kitchen &amp; Bar Tampinkoski on ruoka- ja juomaravintola, jossa saa Tampereen parasta palvelua ja konstailematonta, maukasta ruokaa, sek\u00e4 erinomaisia oluita ja viinej\u00e4.\",\"publisher\":{\"@id\":\"https:\\\/\\\/tampinkoski.fi\\\/#organization\"},\"potentialAction\":[{\"@type\":\"SearchAction\",\"target\":{\"@type\":\"EntryPoint\",\"urlTemplate\":\"https:\\\/\\\/tampinkoski.fi\\\/?s={search_term_string}\"},\"query-input\":{\"@type\":\"PropertyValueSpecification\",\"valueRequired\":true,\"valueName\":\"search_term_string\"}}],\"inLanguage\":\"fi\"},{\"@type\":\"Organization\",\"@id\":\"https:\\\/\\\/tampinkoski.fi\\\/#organization\",\"name\":\"Tampinkoski Kitchen & Bar\",\"url\":\"https:\\\/\\\/tampinkoski.fi\\\/\",\"logo\":{\"@type\":\"ImageObject\",\"inLanguage\":\"fi\",\"@id\":\"https:\\\/\\\/tampinkoski.fi\\\/#\\\/schema\\\/logo\\\/image\\\/\",\"url\":\"https:\\\/\\\/tampinkoski.fi\\\/wp-content\\\/uploads\\\/2021\\\/04\\\/tampinkoski-logo-black-transparent.png\",\"contentUrl\":\"https:\\\/\\\/tampinkoski.fi\\\/wp-content\\\/uploads\\\/2021\\\/04\\\/tampinkoski-logo-black-transparent.png\",\"width\":2000,\"height\":1000,\"caption\":\"Tampinkoski Kitchen & Bar\"},\"image\":{\"@id\":\"https:\\\/\\\/tampinkoski.fi\\\/#\\\/schema\\\/logo\\\/image\\\/\"},\"sameAs\":[\"https:\\\/\\\/www.facebook.com\\\/tampinkoskikitchenbar\",\"https:\\\/\\\/www.instagram.com\\\/tampinkoskikitchenbar\\\/\"]}]}<\/script>\n<!-- \/ Yoast SEO plugin. -->","yoast_head_json":{"title":"Ajankohtaista","description":"Kitchen & Bar Tampinkoski on ruoka- ja juomaravintola, jossa saa Tampereen parasta palvelua ja konstailematonta, maukasta ruokaa, sek\u00e4 erinomaisia oluita ja viinej\u00e4.","robots":{"index":"index","follow":"follow","max-snippet":"max-snippet:-1","max-image-preview":"max-image-preview:large","max-video-preview":"max-video-preview:-1"},"canonical":"https:\/\/tampinkoski.fi\/index.php\/ajankohtaista\/","og_locale":"fi_FI","og_type":"article","og_title":"Ajankohtaista","og_description":"Kitchen & Bar Tampinkoski on ruoka- ja juomaravintola, jossa saa Tampereen parasta palvelua ja konstailematonta, maukasta ruokaa, sek\u00e4 erinomaisia oluita ja viinej\u00e4.","og_url":"https:\/\/tampinkoski.fi\/index.php\/ajankohtaista\/","og_site_name":"Tampinkoski Kitchen &amp; Bar","article_publisher":"https:\/\/www.facebook.com\/tampinkoskikitchenbar","article_modified_time":"2026-03-31T11:19:58+00:00","og_image":[{"width":2000,"height":1000,"url":"https:\/\/tampinkoski.fi\/wp-content\/uploads\/2021\/04\/tampinkoski-logo-black-transparent.png","type":"image\/png"}],"twitter_card":"summary_large_image","twitter_misc":{"Arvioitu lukuaika":"1 minuutti"},"schema":{"@context":"https:\/\/schema.org","@graph":[{"@type":"WebPage","@id":"https:\/\/tampinkoski.fi\/index.php\/ajankohtaista\/","url":"https:\/\/tampinkoski.fi\/index.php\/ajankohtaista\/","name":"Ajankohtaista","isPartOf":{"@id":"https:\/\/tampinkoski.fi\/#website"},"datePublished":"2021-04-22T15:46:19+00:00","dateModified":"2026-03-31T11:19:58+00:00","description":"Kitchen & Bar Tampinkoski on ruoka- ja juomaravintola, jossa saa Tampereen parasta palvelua ja konstailematonta, maukasta ruokaa, sek\u00e4 erinomaisia oluita ja viinej\u00e4.","breadcrumb":{"@id":"https:\/\/tampinkoski.fi\/index.php\/ajankohtaista\/#breadcrumb"},"inLanguage":"fi","potentialAction":[{"@type":"ReadAction","target":["https:\/\/tampinkoski.fi\/index.php\/ajankohtaista\/"]}]},{"@type":"BreadcrumbList","@id":"https:\/\/tampinkoski.fi\/index.php\/ajankohtaista\/#breadcrumb","itemListElement":[{"@type":"ListItem","position":1,"name":"Etusivu","item":"https:\/\/tampinkoski.fi\/"},{"@type":"ListItem","position":2,"name":"Ajankohtaista"}]},{"@type":"WebSite","@id":"https:\/\/tampinkoski.fi\/#website","url":"https:\/\/tampinkoski.fi\/","name":"Tampinkoski Kitchen &amp; Bar","description":"Kitchen &amp; Bar Tampinkoski on ruoka- ja juomaravintola, jossa saa Tampereen parasta palvelua ja konstailematonta, maukasta ruokaa, sek\u00e4 erinomaisia oluita ja viinej\u00e4.","publisher":{"@id":"https:\/\/tampinkoski.fi\/#organization"},"potentialAction":[{"@type":"SearchAction","target":{"@type":"EntryPoint","urlTemplate":"https:\/\/tampinkoski.fi\/?s={search_term_string}"},"query-input":{"@type":"PropertyValueSpecification","valueRequired":true,"valueName":"search_term_string"}}],"inLanguage":"fi"},{"@type":"Organization","@id":"https:\/\/tampinkoski.fi\/#organization","name":"Tampinkoski Kitchen & Bar","url":"https:\/\/tampinkoski.fi\/","logo":{"@type":"ImageObject","inLanguage":"fi","@id":"https:\/\/tampinkoski.fi\/#\/schema\/logo\/image\/","url":"https:\/\/tampinkoski.fi\/wp-content\/uploads\/2021\/04\/tampinkoski-logo-black-transparent.png","contentUrl":"https:\/\/tampinkoski.fi\/wp-content\/uploads\/2021\/04\/tampinkoski-logo-black-transparent.png","width":2000,"height":1000,"caption":"Tampinkoski Kitchen & Bar"},"image":{"@id":"https:\/\/tampinkoski.fi\/#\/schema\/logo\/image\/"},"sameAs":["https:\/\/www.facebook.com\/tampinkoskikitchenbar","https:\/\/www.instagram.com\/tampinkoskikitchenbar\/"]}]}},"_links":{"self":[{"href":"https:\/\/tampinkoski.fi\/index.php\/wp-json\/wp\/v2\/pages\/154","targetHints":{"allow":["GET"]}}],"collection":[{"href":"https:\/\/tampinkoski.fi\/index.php\/wp-json\/wp\/v2\/pages"}],"about":[{"href":"https:\/\/tampinkoski.fi\/index.php\/wp-json\/wp\/v2\/types\/page"}],"author":[{"embeddable":true,"href":"https:\/\/tampinkoski.fi\/index.php\/wp-json\/wp\/v2\/users\/1"}],"replies":[{"embeddable":true,"href":"https:\/\/tampinkoski.fi\/index.php\/wp-json\/wp\/v2\/comments?post=154"}],"version-history":[{"count":261,"href":"https:\/\/tampinkoski.fi\/index.php\/wp-json\/wp\/v2\/pages\/154\/revisions"}],"predecessor-version":[{"id":1532,"href":"https:\/\/tampinkoski.fi\/index.php\/wp-json\/wp\/v2\/pages\/154\/revisions\/1532"}],"wp:attachment":[{"href":"https:\/\/tampinkoski.fi\/index.php\/wp-json\/wp\/v2\/media?parent=154"}],"curies":[{"name":"wp","href":"https:\/\/api.w.org\/{rel}","templated":true}]}}