{"id":17,"date":"2021-04-22T10:01:31","date_gmt":"2021-04-22T10:01:31","guid":{"rendered":"https:\/\/tampinkoski.fi\/?page_id=17"},"modified":"2026-02-16T08:27:51","modified_gmt":"2026-02-16T05:27:51","slug":"ota-yhteytta","status":"publish","type":"page","link":"https:\/\/tampinkoski.fi\/index.php\/ota-yhteytta\/","title":{"rendered":"Ota yhteytt\u00e4"},"content":{"rendered":"\n<h4 class=\"wp-block-heading has-text-align-center\" id=\"sijaitsemme-tunnelmallisessa-funkkisrakennuksessa-tampereen-keskustassa-ratinan-kulmassa-aivan-sorin-aukion-ja-linja-autoaseman-vieressa\"><mark style=\"background-color:rgba(0, 0, 0, 0)\" class=\"has-inline-color has-black-color\">Sijaitsemme tunnelmallisessa funkkisrakennuksessa Tampereen keskustassa Ratinan kulmassa, aivan Sorin aukion ja linja-autoaseman vieress\u00e4.<\/mark><\/h4>\n\n\n\n<p class=\"has-text-align-center\"><mark style=\"background-color:rgba(0, 0, 0, 0)\" class=\"has-inline-color has-black-color\">P\u00e4\u00e4set my\u00f6s ratikalla aivan ovemme eteen, j\u00e4\u00e4 pois pys\u00e4kill\u00e4 Sorin aukio.<\/mark> Ravintolamme on esteet\u00f6n.<\/p>\n\n\n\n<hr class=\"wp-block-separator has-css-opacity\"\/>\n\n\n\n<h4 class=\"wp-block-heading has-text-align-center\" id=\"osoite\"><mark style=\"background-color:rgba(0, 0, 0, 0)\" class=\"has-inline-color has-black-color\">Osoite<\/mark><\/h4>\n\n\n\n<p class=\"has-text-align-center\"><mark style=\"background-color:rgba(0, 0, 0, 0)\" class=\"has-inline-color has-black-color\">Vuolteenkatu 1, 33100 Tampere<\/mark><\/p>\n\n\n\n<h4 class=\"wp-block-heading has-text-align-center\" id=\"sahkoposti\"><mark style=\"background-color:rgba(0, 0, 0, 0)\" class=\"has-inline-color has-black-color\">S\u00e4hk\u00f6posti<\/mark><\/h4>\n\n\n\n<p class=\"has-text-align-center\"><a href=\"mailto:info@tampinkoski.fi\"><span class=\"has-inline-color has-black-color\">info@tampinkoski.fi<\/span><\/a><\/p>\n\n\n\n<h4 class=\"wp-block-heading has-text-align-center\" id=\"puhelin\"><mark style=\"background-color:rgba(0, 0, 0, 0)\" class=\"has-inline-color has-black-color\">Puhelin<\/mark><\/h4>\n\n\n\n<p class=\"has-text-align-center\"><mark style=\"background-color:rgba(0, 0, 0, 0)\" class=\"has-inline-color has-black-color\">0505533754<\/mark><\/p>\n\n\n\n<hr class=\"wp-block-separator has-css-opacity\"\/>\n\n\n\n<h4 class=\"wp-block-heading has-text-align-center\" id=\"olemme-avoinna\"><mark style=\"background-color:rgba(0, 0, 0, 0)\" class=\"has-inline-color has-black-color\">Olemme avoinna:<\/mark><\/h4>\n\n\n\n<p class=\"has-text-align-center\"><mark style=\"background-color:rgba(0, 0, 0, 0)\" class=\"has-inline-color has-black-color\">Ti- to klo 15- 22<\/mark><\/p>\n\n\n\n<p class=\"has-text-align-center\"><mark style=\"background-color:rgba(0, 0, 0, 0)\" class=\"has-inline-color has-black-color\"><em>(Keitti\u00f6 avoinna klo 15- 21)<\/em><\/mark><\/p>\n\n\n\n<p class=\"has-text-align-center\"><mark style=\"background-color:rgba(0, 0, 0, 0)\" class=\"has-inline-color has-black-color\">Pe klo 15- 2<\/mark>3<\/p>\n\n\n\n<p class=\"has-text-align-center\"><mark style=\"background-color:rgba(0, 0, 0, 0)\" class=\"has-inline-color has-black-color\"><em>(Keitti\u00f6 avoinna klo 15- 22)<\/em><\/mark><\/p>\n\n\n\n<p class=\"has-text-align-center\"><mark style=\"background-color:rgba(0, 0, 0, 0)\" class=\"has-inline-color has-black-color\">La klo 14- 2<\/mark>3<\/p>\n\n\n\n<p class=\"has-text-align-center\"><mark style=\"background-color:rgba(0, 0, 0, 0)\" class=\"has-inline-color has-black-color\"><em>(Keitti\u00f6 avoinna klo 14- 22)<\/em><\/mark><\/p>\n\n\n\n<p class=\"has-text-align-center\"><\/p>\n\n\n\n<p><\/p>\n\n\n\n<p class=\"has-text-align-center\"><\/p>\n\n\n\n<hr class=\"wp-block-separator has-css-opacity\"\/>\n\n\n\n<hr class=\"wp-block-separator has-alpha-channel-opacity\"\/>\n\n\n\n<h4 class=\"wp-block-heading has-text-align-center\" id=\"sosiaalinen-media\"><mark style=\"background-color:rgba(0, 0, 0, 0)\" class=\"has-inline-color has-black-color\">Sosiaalinen media<\/mark><\/h4>\n\n\n\n<ul class=\"wp-block-social-links aligncenter is-layout-flex wp-block-social-links-is-layout-flex\"><li class=\"wp-social-link wp-social-link-facebook  wp-block-social-link\"><a href=\"https:\/\/www.facebook.com\/tampinkoskikitchenbar\" class=\"wp-block-social-link-anchor\"><svg width=\"24\" height=\"24\" viewBox=\"0 0 24 24\" version=\"1.1\" xmlns=\"http:\/\/www.w3.org\/2000\/svg\" aria-hidden=\"true\" focusable=\"false\"><path d=\"M12 2C6.5 2 2 6.5 2 12c0 5 3.7 9.1 8.4 9.9v-7H7.9V12h2.5V9.8c0-2.5 1.5-3.9 3.8-3.9 1.1 0 2.2.2 2.2.2v2.5h-1.3c-1.2 0-1.6.8-1.6 1.6V12h2.8l-.4 2.9h-2.3v7C18.3 21.1 22 17 22 12c0-5.5-4.5-10-10-10z\"><\/path><\/svg><span class=\"wp-block-social-link-label screen-reader-text\">https:\/\/www.facebook.com\/tampinkoskikitchenbar<\/span><\/a><\/li>\n\n<li class=\"wp-social-link wp-social-link-instagram  wp-block-social-link\"><a href=\"https:\/\/www.instagram.com\/tampinkoskikitchenbar\/\" class=\"wp-block-social-link-anchor\"><svg width=\"24\" height=\"24\" viewBox=\"0 0 24 24\" version=\"1.1\" xmlns=\"http:\/\/www.w3.org\/2000\/svg\" aria-hidden=\"true\" focusable=\"false\"><path d=\"M12,4.622c2.403,0,2.688,0.009,3.637,0.052c0.877,0.04,1.354,0.187,1.671,0.31c0.42,0.163,0.72,0.358,1.035,0.673 c0.315,0.315,0.51,0.615,0.673,1.035c0.123,0.317,0.27,0.794,0.31,1.671c0.043,0.949,0.052,1.234,0.052,3.637 s-0.009,2.688-0.052,3.637c-0.04,0.877-0.187,1.354-0.31,1.671c-0.163,0.42-0.358,0.72-0.673,1.035 c-0.315,0.315-0.615,0.51-1.035,0.673c-0.317,0.123-0.794,0.27-1.671,0.31c-0.949,0.043-1.233,0.052-3.637,0.052 s-2.688-0.009-3.637-0.052c-0.877-0.04-1.354-0.187-1.671-0.31c-0.42-0.163-0.72-0.358-1.035-0.673 c-0.315-0.315-0.51-0.615-0.673-1.035c-0.123-0.317-0.27-0.794-0.31-1.671C4.631,14.688,4.622,14.403,4.622,12 s0.009-2.688,0.052-3.637c0.04-0.877,0.187-1.354,0.31-1.671c0.163-0.42,0.358-0.72,0.673-1.035 c0.315-0.315,0.615-0.51,1.035-0.673c0.317-0.123,0.794-0.27,1.671-0.31C9.312,4.631,9.597,4.622,12,4.622 M12,3 C9.556,3,9.249,3.01,8.289,3.054C7.331,3.098,6.677,3.25,6.105,3.472C5.513,3.702,5.011,4.01,4.511,4.511 c-0.5,0.5-0.808,1.002-1.038,1.594C3.25,6.677,3.098,7.331,3.054,8.289C3.01,9.249,3,9.556,3,12c0,2.444,0.01,2.751,0.054,3.711 c0.044,0.958,0.196,1.612,0.418,2.185c0.23,0.592,0.538,1.094,1.038,1.594c0.5,0.5,1.002,0.808,1.594,1.038 c0.572,0.222,1.227,0.375,2.185,0.418C9.249,20.99,9.556,21,12,21s2.751-0.01,3.711-0.054c0.958-0.044,1.612-0.196,2.185-0.418 c0.592-0.23,1.094-0.538,1.594-1.038c0.5-0.5,0.808-1.002,1.038-1.594c0.222-0.572,0.375-1.227,0.418-2.185 C20.99,14.751,21,14.444,21,12s-0.01-2.751-0.054-3.711c-0.044-0.958-0.196-1.612-0.418-2.185c-0.23-0.592-0.538-1.094-1.038-1.594 c-0.5-0.5-1.002-0.808-1.594-1.038c-0.572-0.222-1.227-0.375-2.185-0.418C14.751,3.01,14.444,3,12,3L12,3z M12,7.378 c-2.552,0-4.622,2.069-4.622,4.622S9.448,16.622,12,16.622s4.622-2.069,4.622-4.622S14.552,7.378,12,7.378z M12,15 c-1.657,0-3-1.343-3-3s1.343-3,3-3s3,1.343,3,3S13.657,15,12,15z M16.804,6.116c-0.596,0-1.08,0.484-1.08,1.08 s0.484,1.08,1.08,1.08c0.596,0,1.08-0.484,1.08-1.08S17.401,6.116,16.804,6.116z\"><\/path><\/svg><span class=\"wp-block-social-link-label screen-reader-text\">https:\/\/www.instagram.com\/tampinkoskikitchenbar\/<\/span><\/a><\/li><\/ul>\n\n\n\n<hr class=\"wp-block-separator has-css-opacity\"\/>\n\n\n\n<h4 class=\"wp-block-heading has-text-align-center\" id=\"palaute\"><mark style=\"background-color:rgba(0, 0, 0, 0)\" class=\"has-inline-color has-black-color\">Palaute<\/mark><\/h4>\n\n\n\n<p class=\"has-text-align-center\"><mark style=\"background-color:rgba(0, 0, 0, 0)\" class=\"has-inline-color has-black-color\">J\u00e4t\u00e4 meille palautetta t\u00e4st\u00e4 klikkaamalla s\u00e4hk\u00f6postiosoitetta:<\/mark><\/p>\n\n\n\n<p class=\"has-text-align-center\"><a href=\"mailto:info@tampinkoski.fi\">info@tampinkoski.fi<\/a><\/p>\n\n\n\n<hr class=\"wp-block-separator has-css-opacity\"\/>\n\n\n\n<h4 class=\"wp-block-heading has-text-align-center\" id=\"varaa-poyta\"><mark style=\"background-color:rgba(0, 0, 0, 0)\" class=\"has-inline-color has-black-color\">Varaa p\u00f6yt\u00e4<\/mark><\/h4>\n\n\n\n<p class=\"has-text-align-center\"><\/p>\n\n\n\n<p class=\"has-text-align-center\"><mark style=\"background-color:rgba(0, 0, 0, 0)\" class=\"has-inline-color has-black-color\">Varaa p\u00f6yt\u00e4 k\u00e4tev\u00e4sti <a href=\"https:\/\/book.dinnerbooking.com\/fi\/fi-FI\/book\/index\/2987\/2\" target=\"_blank\" rel=\"noreferrer noopener\">Quandoon <\/a>kautta.<\/mark><\/p>\n\n\n\n<hr class=\"wp-block-separator has-alpha-channel-opacity\"\/>\n\n\n\n<div class=\"wp-block-buttons is-content-justification-center is-layout-flex wp-container-core-buttons-is-layout-16018d1d wp-block-buttons-is-layout-flex\">\n<div class=\"wp-block-button\"><a class=\"wp-block-button__link has-text-align-center wp-element-button\" href=\"https:\/\/www.oivahymy.fi\/hae-yrityksia\/#text=tampinkoski\">Oiva- raportti<\/a><\/div>\n<\/div>\n","protected":false},"excerpt":{"rendered":"<p>Sijaitsemme tunnelmallisessa funkkisrakennuksessa Tampereen keskustassa Ratinan kulmassa, aivan Sorin aukion ja linja-autoaseman vieress\u00e4. P\u00e4\u00e4set my\u00f6s ratikalla aivan ovemme eteen, j\u00e4\u00e4 pois pys\u00e4kill\u00e4 Sorin aukio. Ravintolamme on esteet\u00f6n. Osoite Vuolteenkatu 1, 33100 Tampere S\u00e4hk\u00f6posti info@tampinkoski.fi Puhelin 0505533754 Olemme avoinna: Ti- to klo 15- 22 (Keitti\u00f6 avoinna klo 15- 21) Pe klo 15- 23 (Keitti\u00f6 avoinna klo <a href=\"https:\/\/tampinkoski.fi\/index.php\/ota-yhteytta\/\" class=\"more-link\">[&hellip;]<\/a><\/p>\n","protected":false},"author":1,"featured_media":0,"parent":0,"menu_order":0,"comment_status":"closed","ping_status":"closed","template":"","meta":{"footnotes":""},"class_list":["post-17","page","type-page","status-publish","hentry"],"yoast_head":"<!-- This site is optimized with the Yoast SEO plugin v27.5 - https:\/\/yoast.com\/product\/yoast-seo-wordpress\/ -->\n<title>Ota yhteytt\u00e4<\/title>\n<meta name=\"description\" content=\"Kitchen &amp; Bar Tampinkoski on ruoka- ja juomaravintola, jossa saa Tampereen parasta palvelua ja konstailematonta, maukasta ruokaa, sek\u00e4 erinomaisia oluita ja viinej\u00e4.\" \/>\n<meta name=\"robots\" content=\"index, follow, max-snippet:-1, max-image-preview:large, max-video-preview:-1\" \/>\n<link rel=\"canonical\" href=\"https:\/\/tampinkoski.fi\/index.php\/ota-yhteytta\/\" \/>\n<meta property=\"og:locale\" content=\"fi_FI\" \/>\n<meta property=\"og:type\" content=\"article\" \/>\n<meta property=\"og:title\" content=\"Ota yhteytt\u00e4\" \/>\n<meta property=\"og:description\" content=\"Kitchen &amp; Bar Tampinkoski on ruoka- ja juomaravintola, jossa saa Tampereen parasta palvelua ja konstailematonta, maukasta ruokaa, sek\u00e4 erinomaisia oluita ja viinej\u00e4.\" \/>\n<meta property=\"og:url\" content=\"https:\/\/tampinkoski.fi\/index.php\/ota-yhteytta\/\" \/>\n<meta property=\"og:site_name\" content=\"Tampinkoski Kitchen &amp; Bar\" \/>\n<meta property=\"article:publisher\" content=\"https:\/\/www.facebook.com\/tampinkoskikitchenbar\" \/>\n<meta property=\"article:modified_time\" content=\"2026-02-16T05:27:51+00:00\" \/>\n<meta property=\"og:image\" content=\"https:\/\/tampinkoski.fi\/wp-content\/uploads\/2021\/04\/tampinkoski-logo-black-transparent.png\" \/>\n\t<meta property=\"og:image:width\" content=\"2000\" \/>\n\t<meta property=\"og:image:height\" content=\"1000\" \/>\n\t<meta property=\"og:image:type\" content=\"image\/png\" \/>\n<meta name=\"twitter:card\" content=\"summary_large_image\" \/>\n<meta name=\"twitter:label1\" content=\"Arvioitu lukuaika\" \/>\n\t<meta name=\"twitter:data1\" content=\"1 minuutti\" \/>\n<script type=\"application\/ld+json\" class=\"yoast-schema-graph\">{\"@context\":\"https:\\\/\\\/schema.org\",\"@graph\":[{\"@type\":\"WebPage\",\"@id\":\"https:\\\/\\\/tampinkoski.fi\\\/index.php\\\/ota-yhteytta\\\/\",\"url\":\"https:\\\/\\\/tampinkoski.fi\\\/index.php\\\/ota-yhteytta\\\/\",\"name\":\"Ota yhteytt\u00e4\",\"isPartOf\":{\"@id\":\"https:\\\/\\\/tampinkoski.fi\\\/#website\"},\"datePublished\":\"2021-04-22T10:01:31+00:00\",\"dateModified\":\"2026-02-16T05:27:51+00:00\",\"description\":\"Kitchen & Bar Tampinkoski on ruoka- ja juomaravintola, jossa saa Tampereen parasta palvelua ja konstailematonta, maukasta ruokaa, sek\u00e4 erinomaisia oluita ja viinej\u00e4.\",\"breadcrumb\":{\"@id\":\"https:\\\/\\\/tampinkoski.fi\\\/index.php\\\/ota-yhteytta\\\/#breadcrumb\"},\"inLanguage\":\"fi\",\"potentialAction\":[{\"@type\":\"ReadAction\",\"target\":[\"https:\\\/\\\/tampinkoski.fi\\\/index.php\\\/ota-yhteytta\\\/\"]}]},{\"@type\":\"BreadcrumbList\",\"@id\":\"https:\\\/\\\/tampinkoski.fi\\\/index.php\\\/ota-yhteytta\\\/#breadcrumb\",\"itemListElement\":[{\"@type\":\"ListItem\",\"position\":1,\"name\":\"Etusivu\",\"item\":\"https:\\\/\\\/tampinkoski.fi\\\/\"},{\"@type\":\"ListItem\",\"position\":2,\"name\":\"Ota yhteytt\u00e4\"}]},{\"@type\":\"WebSite\",\"@id\":\"https:\\\/\\\/tampinkoski.fi\\\/#website\",\"url\":\"https:\\\/\\\/tampinkoski.fi\\\/\",\"name\":\"Tampinkoski Kitchen &amp; Bar\",\"description\":\"Kitchen &amp; Bar Tampinkoski on ruoka- ja juomaravintola, jossa saa Tampereen parasta palvelua ja konstailematonta, maukasta ruokaa, sek\u00e4 erinomaisia oluita ja viinej\u00e4.\",\"publisher\":{\"@id\":\"https:\\\/\\\/tampinkoski.fi\\\/#organization\"},\"potentialAction\":[{\"@type\":\"SearchAction\",\"target\":{\"@type\":\"EntryPoint\",\"urlTemplate\":\"https:\\\/\\\/tampinkoski.fi\\\/?s={search_term_string}\"},\"query-input\":{\"@type\":\"PropertyValueSpecification\",\"valueRequired\":true,\"valueName\":\"search_term_string\"}}],\"inLanguage\":\"fi\"},{\"@type\":\"Organization\",\"@id\":\"https:\\\/\\\/tampinkoski.fi\\\/#organization\",\"name\":\"Tampinkoski Kitchen & Bar\",\"url\":\"https:\\\/\\\/tampinkoski.fi\\\/\",\"logo\":{\"@type\":\"ImageObject\",\"inLanguage\":\"fi\",\"@id\":\"https:\\\/\\\/tampinkoski.fi\\\/#\\\/schema\\\/logo\\\/image\\\/\",\"url\":\"https:\\\/\\\/tampinkoski.fi\\\/wp-content\\\/uploads\\\/2021\\\/04\\\/tampinkoski-logo-black-transparent.png\",\"contentUrl\":\"https:\\\/\\\/tampinkoski.fi\\\/wp-content\\\/uploads\\\/2021\\\/04\\\/tampinkoski-logo-black-transparent.png\",\"width\":2000,\"height\":1000,\"caption\":\"Tampinkoski Kitchen & Bar\"},\"image\":{\"@id\":\"https:\\\/\\\/tampinkoski.fi\\\/#\\\/schema\\\/logo\\\/image\\\/\"},\"sameAs\":[\"https:\\\/\\\/www.facebook.com\\\/tampinkoskikitchenbar\",\"https:\\\/\\\/www.instagram.com\\\/tampinkoskikitchenbar\\\/\"]}]}<\/script>\n<!-- \/ Yoast SEO plugin. -->","yoast_head_json":{"title":"Ota yhteytt\u00e4","description":"Kitchen & Bar Tampinkoski on ruoka- ja juomaravintola, jossa saa Tampereen parasta palvelua ja konstailematonta, maukasta ruokaa, sek\u00e4 erinomaisia oluita ja viinej\u00e4.","robots":{"index":"index","follow":"follow","max-snippet":"max-snippet:-1","max-image-preview":"max-image-preview:large","max-video-preview":"max-video-preview:-1"},"canonical":"https:\/\/tampinkoski.fi\/index.php\/ota-yhteytta\/","og_locale":"fi_FI","og_type":"article","og_title":"Ota yhteytt\u00e4","og_description":"Kitchen & Bar Tampinkoski on ruoka- ja juomaravintola, jossa saa Tampereen parasta palvelua ja konstailematonta, maukasta ruokaa, sek\u00e4 erinomaisia oluita ja viinej\u00e4.","og_url":"https:\/\/tampinkoski.fi\/index.php\/ota-yhteytta\/","og_site_name":"Tampinkoski Kitchen &amp; Bar","article_publisher":"https:\/\/www.facebook.com\/tampinkoskikitchenbar","article_modified_time":"2026-02-16T05:27:51+00:00","og_image":[{"width":2000,"height":1000,"url":"https:\/\/tampinkoski.fi\/wp-content\/uploads\/2021\/04\/tampinkoski-logo-black-transparent.png","type":"image\/png"}],"twitter_card":"summary_large_image","twitter_misc":{"Arvioitu lukuaika":"1 minuutti"},"schema":{"@context":"https:\/\/schema.org","@graph":[{"@type":"WebPage","@id":"https:\/\/tampinkoski.fi\/index.php\/ota-yhteytta\/","url":"https:\/\/tampinkoski.fi\/index.php\/ota-yhteytta\/","name":"Ota yhteytt\u00e4","isPartOf":{"@id":"https:\/\/tampinkoski.fi\/#website"},"datePublished":"2021-04-22T10:01:31+00:00","dateModified":"2026-02-16T05:27:51+00:00","description":"Kitchen & Bar Tampinkoski on ruoka- ja juomaravintola, jossa saa Tampereen parasta palvelua ja konstailematonta, maukasta ruokaa, sek\u00e4 erinomaisia oluita ja viinej\u00e4.","breadcrumb":{"@id":"https:\/\/tampinkoski.fi\/index.php\/ota-yhteytta\/#breadcrumb"},"inLanguage":"fi","potentialAction":[{"@type":"ReadAction","target":["https:\/\/tampinkoski.fi\/index.php\/ota-yhteytta\/"]}]},{"@type":"BreadcrumbList","@id":"https:\/\/tampinkoski.fi\/index.php\/ota-yhteytta\/#breadcrumb","itemListElement":[{"@type":"ListItem","position":1,"name":"Etusivu","item":"https:\/\/tampinkoski.fi\/"},{"@type":"ListItem","position":2,"name":"Ota yhteytt\u00e4"}]},{"@type":"WebSite","@id":"https:\/\/tampinkoski.fi\/#website","url":"https:\/\/tampinkoski.fi\/","name":"Tampinkoski Kitchen &amp; Bar","description":"Kitchen &amp; Bar Tampinkoski on ruoka- ja juomaravintola, jossa saa Tampereen parasta palvelua ja konstailematonta, maukasta ruokaa, sek\u00e4 erinomaisia oluita ja viinej\u00e4.","publisher":{"@id":"https:\/\/tampinkoski.fi\/#organization"},"potentialAction":[{"@type":"SearchAction","target":{"@type":"EntryPoint","urlTemplate":"https:\/\/tampinkoski.fi\/?s={search_term_string}"},"query-input":{"@type":"PropertyValueSpecification","valueRequired":true,"valueName":"search_term_string"}}],"inLanguage":"fi"},{"@type":"Organization","@id":"https:\/\/tampinkoski.fi\/#organization","name":"Tampinkoski Kitchen & Bar","url":"https:\/\/tampinkoski.fi\/","logo":{"@type":"ImageObject","inLanguage":"fi","@id":"https:\/\/tampinkoski.fi\/#\/schema\/logo\/image\/","url":"https:\/\/tampinkoski.fi\/wp-content\/uploads\/2021\/04\/tampinkoski-logo-black-transparent.png","contentUrl":"https:\/\/tampinkoski.fi\/wp-content\/uploads\/2021\/04\/tampinkoski-logo-black-transparent.png","width":2000,"height":1000,"caption":"Tampinkoski Kitchen & Bar"},"image":{"@id":"https:\/\/tampinkoski.fi\/#\/schema\/logo\/image\/"},"sameAs":["https:\/\/www.facebook.com\/tampinkoskikitchenbar","https:\/\/www.instagram.com\/tampinkoskikitchenbar\/"]}]}},"_links":{"self":[{"href":"https:\/\/tampinkoski.fi\/index.php\/wp-json\/wp\/v2\/pages\/17","targetHints":{"allow":["GET"]}}],"collection":[{"href":"https:\/\/tampinkoski.fi\/index.php\/wp-json\/wp\/v2\/pages"}],"about":[{"href":"https:\/\/tampinkoski.fi\/index.php\/wp-json\/wp\/v2\/types\/page"}],"author":[{"embeddable":true,"href":"https:\/\/tampinkoski.fi\/index.php\/wp-json\/wp\/v2\/users\/1"}],"replies":[{"embeddable":true,"href":"https:\/\/tampinkoski.fi\/index.php\/wp-json\/wp\/v2\/comments?post=17"}],"version-history":[{"count":89,"href":"https:\/\/tampinkoski.fi\/index.php\/wp-json\/wp\/v2\/pages\/17\/revisions"}],"predecessor-version":[{"id":1521,"href":"https:\/\/tampinkoski.fi\/index.php\/wp-json\/wp\/v2\/pages\/17\/revisions\/1521"}],"wp:attachment":[{"href":"https:\/\/tampinkoski.fi\/index.php\/wp-json\/wp\/v2\/media?parent=17"}],"curies":[{"name":"wp","href":"https:\/\/api.w.org\/{rel}","templated":true}]}}