{"id":87,"date":"2021-04-22T12:05:26","date_gmt":"2021-04-22T12:05:26","guid":{"rendered":"https:\/\/tampinkoski.fi\/?page_id=87"},"modified":"2023-11-16T10:09:52","modified_gmt":"2023-11-16T07:09:52","slug":"ravintolamme","status":"publish","type":"page","link":"https:\/\/tampinkoski.fi\/index.php\/ravintolamme\/","title":{"rendered":"Ravintolamme"},"content":{"rendered":"\n<h4 class=\"wp-block-heading has-text-align-center\"><mark style=\"background-color:rgba(0, 0, 0, 0)\" class=\"has-inline-color has-black-color\">Tampinkoski Kitchen &amp; Bar<\/mark><\/h4>\n\n\n\n<hr class=\"wp-block-separator has-css-opacity\"\/>\n\n\n\n<p class=\"has-text-align-center\"><mark style=\"background-color:rgba(0, 0, 0, 0)\" class=\"has-inline-color has-black-color\">Tampinkoski Kitchen &amp; Bar on syntynyt nelj\u00e4n yritt\u00e4j\u00e4n intohimosta herkulliseen ruokaan ja hyv\u00e4\u00e4n juomaan. Tampinkoskella on hiottu reseptej\u00e4 ravintolaa varten kosken rannalla jo vuosia. Alkuper\u00e4inen Tampinkoski virtaa villin\u00e4 Urjalassa, mutta olemme paikallisia yritt\u00e4ji\u00e4 Tampereelta.<\/mark><\/p>\n\n\n\n<p class=\"has-text-align-center\"><mark style=\"background-color:rgba(0, 0, 0, 0)\" class=\"has-inline-color has-black-color\">Tarjoamme erinomaista ruokaa ja juomaa, sek\u00e4 unohtumatonta palvelua. Palvelukulttuuriin ja tunnelmaan onkin haettu vaikutteita ymp\u00e4ri maailmaa. Ravintolan idea on syntynyt halustamme jakaa parhaat l\u00f6yd\u00f6t ja maut kanssanne. Tuomme Tampereelle koko kansan keitti\u00f6n ja mainion illanviettopaikan, jonne tullaan nauttimaan ja rentoutumaan.<\/mark><\/p>\n\n\n\n<p class=\"has-text-align-center\"><mark style=\"background-color:rgba(0, 0, 0, 0)\" class=\"has-inline-color has-black-color\"> Astu sis\u00e4\u00e4n ja antaudu palveltavaksemme. Kiire katoaa.<\/mark><\/p>\n\n\n\n<p class=\"has-text-align-center\"><mark style=\"background-color:rgba(0, 0, 0, 0)\" class=\"has-inline-color has-black-color\">Toivotamme Teid\u00e4t l\u00e4mpim\u00e4sti tervetulleeksi Tampinkoskeen!<\/mark><\/p>\n\n\n\n<hr class=\"wp-block-separator has-css-opacity\"\/>\n\n\n\n<p class=\"has-text-align-center\"><mark style=\"background-color:rgba(0, 0, 0, 0)\" class=\"has-inline-color has-black-color\">-Saija, Pipsa, Henri ja Pekka-<\/mark><\/p>\n\n\n\n<hr class=\"wp-block-separator has-css-opacity\"\/>\n\n\n\n<h4 class=\"wp-block-heading has-text-align-center\"><mark style=\"background-color:rgba(0, 0, 0, 0)\" class=\"has-inline-color has-black-color\">Tuoretta lihaa suoraan l\u00e4hitiloilta<\/mark><\/h4>\n\n\n\n<p class=\"has-text-align-center\"><mark style=\"background-color:rgba(0, 0, 0, 0)\" class=\"has-inline-color has-black-color\"><strong>Paijan Tilateurastamo<\/strong>\u00a0on Urjalan V\u00e4lkkil\u00e4ss\u00e4 toimiva perheyritys. Vuodesta 1995 l\u00e4htien tila on keskittynyt ainoastaan laadukkaan sianlihan tuottamiseen. Nykyiset yritt\u00e4j\u00e4t ovat kehitt\u00e4neet tilaa oman n\u00e4k\u00f6isekseen ja erilaisten kokeilujen my\u00f6t\u00e4 Paijan tilalla p\u00e4\u00e4tettiin rakennuttaa t\u00e4ysin uudenlainen el\u00e4inten hyvinvointiin panostava sikala.<\/mark> <mark style=\"background-color:rgba(0, 0, 0, 0)\" class=\"has-inline-color has-black-color\">Salaisena reseptin\u00e4 on possujen hyvinvointi. Niit\u00e4 kasvatetaan ainoastaan vapaan ja stressitt\u00f6m\u00e4n ymp\u00e4rist\u00f6n tarjoavassa pihattosikalassa<\/mark>.<\/p>\n\n\n\n<p class=\"has-text-align-center\"><br><span class=\"has-inline-color has-black-color\"><strong>L\u00e4nningin tilalta<\/strong>&nbsp;Raitoon kyl\u00e4st\u00e4, Forssasta, tulevat&nbsp;suositut ja rakkaudella kasvatetut Herefordin luomulihat ravintolaamme.&nbsp;Luomukarja laiduntaa tilan omilla mailla hyv\u00e4ll\u00e4 huolenpidolla ja t\u00e4m\u00e4 onkin l\u00e4hiruokaa&nbsp;parhaimmillaan. Liha ostetaan ravintolaamme kokonaisina ruhoina ja koko el\u00e4in hy\u00f6dynnet\u00e4\u00e4n<em> <\/em>keitti\u00f6ss\u00e4.<\/span><\/p>\n\n\n\n<hr class=\"wp-block-separator has-css-opacity\"\/>\n\n\n\n<p class=\"has-text-align-center\"><\/p>\n\n\n\n<p class=\"has-text-align-center\"><mark style=\"background-color:rgba(0, 0, 0, 0)\" class=\"has-inline-color has-black-color\">Varaa p\u00f6yt\u00e4 k\u00e4tev\u00e4sti <a href=\"https:\/\/book.dinnerbooking.com\/fi\/fi-FI\/book\/index\/2987\/2\" target=\"_blank\" rel=\"noreferrer noopener\">Quandoon <\/a>kautta ja tule herkuttelemaan.<\/mark><\/p>\n","protected":false},"excerpt":{"rendered":"<p>Tampinkoski Kitchen &amp; Bar Tampinkoski Kitchen &amp; Bar on syntynyt nelj\u00e4n yritt\u00e4j\u00e4n intohimosta herkulliseen ruokaan ja hyv\u00e4\u00e4n juomaan. Tampinkoskella on hiottu reseptej\u00e4 ravintolaa varten kosken rannalla jo vuosia. Alkuper\u00e4inen Tampinkoski virtaa villin\u00e4 Urjalassa, mutta olemme paikallisia yritt\u00e4ji\u00e4 Tampereelta. Tarjoamme erinomaista ruokaa ja juomaa, sek\u00e4 unohtumatonta palvelua. Palvelukulttuuriin ja tunnelmaan onkin haettu vaikutteita ymp\u00e4ri maailmaa. Ravintolan <a href=\"https:\/\/tampinkoski.fi\/index.php\/ravintolamme\/\" class=\"more-link\">[&hellip;]<\/a><\/p>\n","protected":false},"author":1,"featured_media":0,"parent":0,"menu_order":0,"comment_status":"closed","ping_status":"closed","template":"","meta":{"footnotes":""},"class_list":["post-87","page","type-page","status-publish","hentry"],"yoast_head":"<!-- This site is optimized with the Yoast SEO plugin v27.5 - https:\/\/yoast.com\/product\/yoast-seo-wordpress\/ -->\n<title>Ravintolamme<\/title>\n<meta name=\"description\" content=\"Kitchen &amp; Bar Tampinkoski on ruoka- ja juomaravintola, jossa saa Tampereen parasta palvelua ja konstailematonta, maukasta ruokaa, sek\u00e4 erinomaisia oluita ja viinej\u00e4.\" \/>\n<meta name=\"robots\" content=\"index, follow, max-snippet:-1, max-image-preview:large, max-video-preview:-1\" \/>\n<link rel=\"canonical\" href=\"https:\/\/tampinkoski.fi\/index.php\/ravintolamme\/\" \/>\n<meta property=\"og:locale\" content=\"fi_FI\" \/>\n<meta property=\"og:type\" content=\"article\" \/>\n<meta property=\"og:title\" content=\"Ravintolamme\" \/>\n<meta property=\"og:description\" content=\"Kitchen &amp; Bar Tampinkoski on ruoka- ja juomaravintola, jossa saa Tampereen parasta palvelua ja konstailematonta, maukasta ruokaa, sek\u00e4 erinomaisia oluita ja viinej\u00e4.\" \/>\n<meta property=\"og:url\" content=\"https:\/\/tampinkoski.fi\/index.php\/ravintolamme\/\" \/>\n<meta property=\"og:site_name\" content=\"Tampinkoski Kitchen &amp; Bar\" \/>\n<meta property=\"article:publisher\" content=\"https:\/\/www.facebook.com\/tampinkoskikitchenbar\" \/>\n<meta property=\"article:modified_time\" content=\"2023-11-16T07:09:52+00:00\" \/>\n<meta property=\"og:image\" content=\"https:\/\/tampinkoski.fi\/wp-content\/uploads\/2021\/04\/tampinkoski-logo-black-transparent.png\" \/>\n\t<meta property=\"og:image:width\" content=\"2000\" \/>\n\t<meta property=\"og:image:height\" content=\"1000\" \/>\n\t<meta property=\"og:image:type\" content=\"image\/png\" \/>\n<meta name=\"twitter:card\" content=\"summary_large_image\" \/>\n<meta name=\"twitter:label1\" content=\"Arvioitu lukuaika\" \/>\n\t<meta name=\"twitter:data1\" content=\"1 minuutti\" \/>\n<script type=\"application\/ld+json\" class=\"yoast-schema-graph\">{\"@context\":\"https:\\\/\\\/schema.org\",\"@graph\":[{\"@type\":\"WebPage\",\"@id\":\"https:\\\/\\\/tampinkoski.fi\\\/index.php\\\/ravintolamme\\\/\",\"url\":\"https:\\\/\\\/tampinkoski.fi\\\/index.php\\\/ravintolamme\\\/\",\"name\":\"Ravintolamme\",\"isPartOf\":{\"@id\":\"https:\\\/\\\/tampinkoski.fi\\\/#website\"},\"datePublished\":\"2021-04-22T12:05:26+00:00\",\"dateModified\":\"2023-11-16T07:09:52+00:00\",\"description\":\"Kitchen & Bar Tampinkoski on ruoka- ja juomaravintola, jossa saa Tampereen parasta palvelua ja konstailematonta, maukasta ruokaa, sek\u00e4 erinomaisia oluita ja viinej\u00e4.\",\"breadcrumb\":{\"@id\":\"https:\\\/\\\/tampinkoski.fi\\\/index.php\\\/ravintolamme\\\/#breadcrumb\"},\"inLanguage\":\"fi\",\"potentialAction\":[{\"@type\":\"ReadAction\",\"target\":[\"https:\\\/\\\/tampinkoski.fi\\\/index.php\\\/ravintolamme\\\/\"]}]},{\"@type\":\"BreadcrumbList\",\"@id\":\"https:\\\/\\\/tampinkoski.fi\\\/index.php\\\/ravintolamme\\\/#breadcrumb\",\"itemListElement\":[{\"@type\":\"ListItem\",\"position\":1,\"name\":\"Etusivu\",\"item\":\"https:\\\/\\\/tampinkoski.fi\\\/\"},{\"@type\":\"ListItem\",\"position\":2,\"name\":\"Ravintolamme\"}]},{\"@type\":\"WebSite\",\"@id\":\"https:\\\/\\\/tampinkoski.fi\\\/#website\",\"url\":\"https:\\\/\\\/tampinkoski.fi\\\/\",\"name\":\"Tampinkoski Kitchen &amp; Bar\",\"description\":\"Kitchen &amp; Bar Tampinkoski on ruoka- ja juomaravintola, jossa saa Tampereen parasta palvelua ja konstailematonta, maukasta ruokaa, sek\u00e4 erinomaisia oluita ja viinej\u00e4.\",\"publisher\":{\"@id\":\"https:\\\/\\\/tampinkoski.fi\\\/#organization\"},\"potentialAction\":[{\"@type\":\"SearchAction\",\"target\":{\"@type\":\"EntryPoint\",\"urlTemplate\":\"https:\\\/\\\/tampinkoski.fi\\\/?s={search_term_string}\"},\"query-input\":{\"@type\":\"PropertyValueSpecification\",\"valueRequired\":true,\"valueName\":\"search_term_string\"}}],\"inLanguage\":\"fi\"},{\"@type\":\"Organization\",\"@id\":\"https:\\\/\\\/tampinkoski.fi\\\/#organization\",\"name\":\"Tampinkoski Kitchen & Bar\",\"url\":\"https:\\\/\\\/tampinkoski.fi\\\/\",\"logo\":{\"@type\":\"ImageObject\",\"inLanguage\":\"fi\",\"@id\":\"https:\\\/\\\/tampinkoski.fi\\\/#\\\/schema\\\/logo\\\/image\\\/\",\"url\":\"https:\\\/\\\/tampinkoski.fi\\\/wp-content\\\/uploads\\\/2021\\\/04\\\/tampinkoski-logo-black-transparent.png\",\"contentUrl\":\"https:\\\/\\\/tampinkoski.fi\\\/wp-content\\\/uploads\\\/2021\\\/04\\\/tampinkoski-logo-black-transparent.png\",\"width\":2000,\"height\":1000,\"caption\":\"Tampinkoski Kitchen & Bar\"},\"image\":{\"@id\":\"https:\\\/\\\/tampinkoski.fi\\\/#\\\/schema\\\/logo\\\/image\\\/\"},\"sameAs\":[\"https:\\\/\\\/www.facebook.com\\\/tampinkoskikitchenbar\",\"https:\\\/\\\/www.instagram.com\\\/tampinkoskikitchenbar\\\/\"]}]}<\/script>\n<!-- \/ Yoast SEO plugin. -->","yoast_head_json":{"title":"Ravintolamme","description":"Kitchen & Bar Tampinkoski on ruoka- ja juomaravintola, jossa saa Tampereen parasta palvelua ja konstailematonta, maukasta ruokaa, sek\u00e4 erinomaisia oluita ja viinej\u00e4.","robots":{"index":"index","follow":"follow","max-snippet":"max-snippet:-1","max-image-preview":"max-image-preview:large","max-video-preview":"max-video-preview:-1"},"canonical":"https:\/\/tampinkoski.fi\/index.php\/ravintolamme\/","og_locale":"fi_FI","og_type":"article","og_title":"Ravintolamme","og_description":"Kitchen & Bar Tampinkoski on ruoka- ja juomaravintola, jossa saa Tampereen parasta palvelua ja konstailematonta, maukasta ruokaa, sek\u00e4 erinomaisia oluita ja viinej\u00e4.","og_url":"https:\/\/tampinkoski.fi\/index.php\/ravintolamme\/","og_site_name":"Tampinkoski Kitchen &amp; Bar","article_publisher":"https:\/\/www.facebook.com\/tampinkoskikitchenbar","article_modified_time":"2023-11-16T07:09:52+00:00","og_image":[{"width":2000,"height":1000,"url":"https:\/\/tampinkoski.fi\/wp-content\/uploads\/2021\/04\/tampinkoski-logo-black-transparent.png","type":"image\/png"}],"twitter_card":"summary_large_image","twitter_misc":{"Arvioitu lukuaika":"1 minuutti"},"schema":{"@context":"https:\/\/schema.org","@graph":[{"@type":"WebPage","@id":"https:\/\/tampinkoski.fi\/index.php\/ravintolamme\/","url":"https:\/\/tampinkoski.fi\/index.php\/ravintolamme\/","name":"Ravintolamme","isPartOf":{"@id":"https:\/\/tampinkoski.fi\/#website"},"datePublished":"2021-04-22T12:05:26+00:00","dateModified":"2023-11-16T07:09:52+00:00","description":"Kitchen & Bar Tampinkoski on ruoka- ja juomaravintola, jossa saa Tampereen parasta palvelua ja konstailematonta, maukasta ruokaa, sek\u00e4 erinomaisia oluita ja viinej\u00e4.","breadcrumb":{"@id":"https:\/\/tampinkoski.fi\/index.php\/ravintolamme\/#breadcrumb"},"inLanguage":"fi","potentialAction":[{"@type":"ReadAction","target":["https:\/\/tampinkoski.fi\/index.php\/ravintolamme\/"]}]},{"@type":"BreadcrumbList","@id":"https:\/\/tampinkoski.fi\/index.php\/ravintolamme\/#breadcrumb","itemListElement":[{"@type":"ListItem","position":1,"name":"Etusivu","item":"https:\/\/tampinkoski.fi\/"},{"@type":"ListItem","position":2,"name":"Ravintolamme"}]},{"@type":"WebSite","@id":"https:\/\/tampinkoski.fi\/#website","url":"https:\/\/tampinkoski.fi\/","name":"Tampinkoski Kitchen &amp; Bar","description":"Kitchen &amp; Bar Tampinkoski on ruoka- ja juomaravintola, jossa saa Tampereen parasta palvelua ja konstailematonta, maukasta ruokaa, sek\u00e4 erinomaisia oluita ja viinej\u00e4.","publisher":{"@id":"https:\/\/tampinkoski.fi\/#organization"},"potentialAction":[{"@type":"SearchAction","target":{"@type":"EntryPoint","urlTemplate":"https:\/\/tampinkoski.fi\/?s={search_term_string}"},"query-input":{"@type":"PropertyValueSpecification","valueRequired":true,"valueName":"search_term_string"}}],"inLanguage":"fi"},{"@type":"Organization","@id":"https:\/\/tampinkoski.fi\/#organization","name":"Tampinkoski Kitchen & Bar","url":"https:\/\/tampinkoski.fi\/","logo":{"@type":"ImageObject","inLanguage":"fi","@id":"https:\/\/tampinkoski.fi\/#\/schema\/logo\/image\/","url":"https:\/\/tampinkoski.fi\/wp-content\/uploads\/2021\/04\/tampinkoski-logo-black-transparent.png","contentUrl":"https:\/\/tampinkoski.fi\/wp-content\/uploads\/2021\/04\/tampinkoski-logo-black-transparent.png","width":2000,"height":1000,"caption":"Tampinkoski Kitchen & Bar"},"image":{"@id":"https:\/\/tampinkoski.fi\/#\/schema\/logo\/image\/"},"sameAs":["https:\/\/www.facebook.com\/tampinkoskikitchenbar","https:\/\/www.instagram.com\/tampinkoskikitchenbar\/"]}]}},"_links":{"self":[{"href":"https:\/\/tampinkoski.fi\/index.php\/wp-json\/wp\/v2\/pages\/87","targetHints":{"allow":["GET"]}}],"collection":[{"href":"https:\/\/tampinkoski.fi\/index.php\/wp-json\/wp\/v2\/pages"}],"about":[{"href":"https:\/\/tampinkoski.fi\/index.php\/wp-json\/wp\/v2\/types\/page"}],"author":[{"embeddable":true,"href":"https:\/\/tampinkoski.fi\/index.php\/wp-json\/wp\/v2\/users\/1"}],"replies":[{"embeddable":true,"href":"https:\/\/tampinkoski.fi\/index.php\/wp-json\/wp\/v2\/comments?post=87"}],"version-history":[{"count":37,"href":"https:\/\/tampinkoski.fi\/index.php\/wp-json\/wp\/v2\/pages\/87\/revisions"}],"predecessor-version":[{"id":1254,"href":"https:\/\/tampinkoski.fi\/index.php\/wp-json\/wp\/v2\/pages\/87\/revisions\/1254"}],"wp:attachment":[{"href":"https:\/\/tampinkoski.fi\/index.php\/wp-json\/wp\/v2\/media?parent=87"}],"curies":[{"name":"wp","href":"https:\/\/api.w.org\/{rel}","templated":true}]}}